{"id":2908,"date":"2023-04-03T21:57:59","date_gmt":"2023-04-03T19:57:59","guid":{"rendered":"http:\/\/synopsisengineering.fr\/?page_id=2908"},"modified":"2023-05-05T00:15:05","modified_gmt":"2023-05-04T22:15:05","slug":"etudes-conseils","status":"publish","type":"page","link":"https:\/\/synopsisengineering.com\/index.php\/etudes-conseils\/","title":{"rendered":"\u00c9tudes &#038; conseils"},"content":{"rendered":"<div data-colibri-id=\"2908-c1\" class=\"style-999 style-local-2908-c1 position-relative\">\n  <!---->\n  <div data-colibri-component=\"section\" data-colibri-id=\"2908-c2\" id=\"custom\" class=\"h-section h-section-global-spacing d-flex align-items-lg-center align-items-md-center align-items-center style-1000 style-local-2908-c2 position-relative\">\n    <!---->\n    <!---->\n    <div class=\"h-section-grid-container h-section-boxed-container\">\n      <!---->\n      <div data-colibri-id=\"2908-c3\" class=\"h-row-container gutters-row-lg-2 gutters-row-md-2 gutters-row-0 gutters-row-v-lg-2 gutters-row-v-md-2 gutters-row-v-2 style-1003 style-local-2908-c3 position-relative\">\n        <!---->\n        <div class=\"h-row justify-content-lg-center justify-content-md-center justify-content-center align-items-lg-stretch align-items-md-stretch align-items-stretch gutters-col-lg-2 gutters-col-md-2 gutters-col-0 gutters-col-v-lg-2 gutters-col-v-md-2 gutters-col-v-2\">\n          <!---->\n          <div class=\"h-column h-column-container d-flex h-col-lg-auto h-col-md-auto h-col-auto style-1004-outer style-local-2908-c4-outer\">\n            <div data-colibri-id=\"2908-c4\" class=\"d-flex h-flex-basis h-column__inner h-px-lg-2 h-px-md-2 h-px-2 v-inner-lg-2 v-inner-md-2 v-inner-2 style-1004 style-local-2908-c4 position-relative\">\n              <!---->\n              <!---->\n              <div class=\"w-100 h-y-container h-column__content h-column__v-align flex-basis-100 align-self-lg-start align-self-md-start align-self-start\">\n                <!---->\n                <div data-colibri-id=\"2908-c5\" class=\"h-global-transition-all h-heading style-1005 style-local-2908-c5 position-relative h-element\">\n                  <!---->\n                  <div class=\"h-heading__outer style-1005 style-local-2908-c5\">\n                    <!---->\n                    <!---->\n                    <h2 class=\"\">\u00c9TUDES ET CONSEIL<\/h2>\n                  <\/div>\n                <\/div>\n                <div data-colibri-id=\"2908-c6\" class=\"h-text h-text-component style-1006 style-local-2908-c6 position-relative h-element\">\n                  <!---->\n                  <!---->\n                  <div class=\"\">\n                    <p><span style=\"font-size: 18px; color: rgb(0, 0, 0);\">En fonction de vos objectifs, de votre structure, de vos contraintes de d\u00e9lai et de budget, Synopsis Engineering construira avec vous une m\u00e9thodologie qui pourra mixer plusieurs formes de prestations<\/span><\/p>\n                  <\/div>\n                <\/div>\n              <\/div>\n            <\/div>\n          <\/div>\n        <\/div>\n      <\/div>\n    <\/div>\n  <\/div>\n  <div data-colibri-component=\"section\" data-colibri-id=\"2908-c7\" id=\"custom-2\" class=\"h-section h-section-global-spacing d-flex align-items-lg-center align-items-md-center align-items-center style-1007 style-local-2908-c7 position-relative\">\n    <!---->\n    <!---->\n    <div class=\"h-section-grid-container h-section-boxed-container\">\n      <!---->\n      <div data-colibri-id=\"2908-c8\" class=\"h-row-container gutters-row-lg-2 gutters-row-md-2 gutters-row-0 gutters-row-v-lg-2 gutters-row-v-md-2 gutters-row-v-2 style-1008 style-local-2908-c8 position-relative\">\n        <!---->\n        <div class=\"h-row justify-content-lg-center justify-content-md-center justify-content-center align-items-lg-stretch align-items-md-stretch align-items-stretch gutters-col-lg-2 gutters-col-md-2 gutters-col-0 gutters-col-v-lg-2 gutters-col-v-md-2 gutters-col-v-2\">\n          <!---->\n          <div class=\"h-column h-column-container d-flex h-col-lg-auto h-col-md-auto h-col-auto style-1009-outer style-local-2908-c9-outer\">\n            <div data-colibri-id=\"2908-c9\" class=\"d-flex h-flex-basis h-column__inner h-px-lg-2 h-px-md-2 h-px-2 v-inner-lg-2 v-inner-md-2 v-inner-2 style-1009 style-local-2908-c9 position-relative\">\n              <!---->\n              <!---->\n              <div class=\"w-100 h-y-container h-column__content h-column__v-align flex-basis-100 align-self-lg-start align-self-md-start align-self-start\">\n                <!---->\n                <div data-colibri-id=\"2908-c10\" class=\"h-global-transition-all h-heading style-1011 style-local-2908-c10 position-relative h-element\">\n                  <!---->\n                  <div class=\"h-heading__outer style-1011 style-local-2908-c10\">\n                    <!---->\n                    <!---->\n                    <h3 class=\"\">INNOVATION et INDUSTRIE<\/h3>\n                  <\/div>\n                <\/div>\n                <div data-colibri-id=\"2908-c11\" class=\"h-text h-text-component style-1012 style-local-2908-c11 position-relative h-element\">\n                  <!---->\n                  <!---->\n                  <div class=\"\">\n                    <p><span style=\"font-size: 18.5px; color: rgb(0, 0, 0);\">&#8211; Montage de dossiers de financement de R&amp;D<br>&#8211; Montage de projets collaboratifs<br>&#8211; Accompagnement des relations avec les laboratoires de recherche<br>&#8211; D\u00e9veloppement de fili\u00e8res industrielles li\u00e9es aux agromat\u00e9riaux ou aux bio\u00e9nergies<\/span><\/p>\n                  <\/div>\n                <\/div>\n              <\/div>\n            <\/div>\n          <\/div>\n          <div class=\"h-column h-column-container d-flex h-col-lg-auto h-col-md-auto h-col-auto style-1010-outer style-local-2908-c12-outer\">\n            <div data-colibri-id=\"2908-c12\" class=\"d-flex h-flex-basis h-column__inner h-px-lg-2 h-px-md-2 h-px-2 v-inner-lg-2 v-inner-md-2 v-inner-2 style-1010 style-local-2908-c12 position-relative\">\n              <!---->\n              <!---->\n              <div class=\"w-100 h-y-container h-column__content h-column__v-align flex-basis-100 align-self-lg-start align-self-md-start align-self-start\">\n                <!---->\n                <div data-colibri-id=\"2908-c13\" class=\"d-block style-1013 style-local-2908-c13 position-relative h-element\">\n                  <!---->\n                  <div class=\"h-image__frame-container-outer\">\n                    <div class=\"h-image__frame-container\">\n                      <!---->\n                      <!---->\n                      <img loading=\"lazy\" decoding=\"async\" width=\"1500\" height=\"818\" src=\"http:\/\/synopsisengineering.fr\/wp-content\/uploads\/2023\/04\/Laboratoire.jpg\" class=\"wp-image-2999 style-1013-image style-local-2908-c13-image\" alt=\"\" srcset=\"https:\/\/synopsisengineering.com\/wp-content\/uploads\/2023\/04\/Laboratoire.jpg 1500w, https:\/\/synopsisengineering.com\/wp-content\/uploads\/2023\/04\/Laboratoire-300x164.jpg 300w, https:\/\/synopsisengineering.com\/wp-content\/uploads\/2023\/04\/Laboratoire-1024x558.jpg 1024w, https:\/\/synopsisengineering.com\/wp-content\/uploads\/2023\/04\/Laboratoire-768x419.jpg 768w\" sizes=\"auto, (max-width: 1500px) 100vw, 1500px\" \/>\n                      <div class=\"h-image__frame h-hide-lg h-hide-md h-hide-sm style-1013-frameImage style-local-2908-c13-frameImage\"><\/div>\n                    <\/div>\n                  <\/div>\n                <\/div>\n              <\/div>\n            <\/div>\n          <\/div>\n        <\/div>\n      <\/div>\n    <\/div>\n  <\/div>\n  <div data-colibri-component=\"section\" data-colibri-id=\"2908-c14\" id=\"custom-3\" class=\"h-section h-section-global-spacing d-flex align-items-lg-center align-items-md-center align-items-center style-1014 style-local-2908-c14 position-relative\">\n    <!---->\n    <!---->\n    <div class=\"h-section-grid-container h-section-boxed-container\">\n      <!---->\n      <div data-colibri-id=\"2908-c15\" class=\"h-row-container gutters-row-lg-2 gutters-row-md-2 gutters-row-0 gutters-row-v-lg-2 gutters-row-v-md-2 gutters-row-v-2 style-1015 style-local-2908-c15 position-relative\">\n        <!---->\n        <div class=\"h-row justify-content-lg-center justify-content-md-center justify-content-center align-items-lg-stretch align-items-md-stretch align-items-stretch gutters-col-lg-2 gutters-col-md-2 gutters-col-0 gutters-col-v-lg-2 gutters-col-v-md-2 gutters-col-v-2\">\n          <!---->\n          <div class=\"h-column h-column-container d-flex h-col-lg-auto h-col-md-auto h-col-auto style-1016-outer style-local-2908-c16-outer\">\n            <div data-colibri-id=\"2908-c16\" class=\"d-flex h-flex-basis h-column__inner h-px-lg-2 h-px-md-2 h-px-2 v-inner-lg-2 v-inner-md-2 v-inner-2 style-1016 style-local-2908-c16 position-relative\">\n              <!---->\n              <!---->\n              <div class=\"w-100 h-y-container h-column__content h-column__v-align flex-basis-100 align-self-lg-start align-self-md-start align-self-start\">\n                <!---->\n                <div data-colibri-id=\"2908-c17\" class=\"d-block style-1018 style-local-2908-c17 position-relative h-element\">\n                  <!---->\n                  <div class=\"h-image__frame-container-outer\">\n                    <div class=\"h-image__frame-container\">\n                      <!---->\n                      <!---->\n                      <img loading=\"lazy\" decoding=\"async\" width=\"1500\" height=\"775\" src=\"http:\/\/synopsisengineering.fr\/wp-content\/uploads\/2023\/04\/tamis.jpg\" class=\"wp-image-3001 style-1018-image style-local-2908-c17-image\" alt=\"\" srcset=\"https:\/\/synopsisengineering.com\/wp-content\/uploads\/2023\/04\/tamis.jpg 1500w, https:\/\/synopsisengineering.com\/wp-content\/uploads\/2023\/04\/tamis-300x155.jpg 300w, https:\/\/synopsisengineering.com\/wp-content\/uploads\/2023\/04\/tamis-1024x529.jpg 1024w, https:\/\/synopsisengineering.com\/wp-content\/uploads\/2023\/04\/tamis-768x397.jpg 768w\" sizes=\"auto, (max-width: 1500px) 100vw, 1500px\" \/>\n                      <div class=\"h-image__frame h-hide-lg h-hide-md h-hide-sm style-1018-frameImage style-local-2908-c17-frameImage\"><\/div>\n                    <\/div>\n                  <\/div>\n                <\/div>\n              <\/div>\n            <\/div>\n          <\/div>\n          <div class=\"h-column h-column-container d-flex h-col-lg-auto h-col-md-auto h-col-auto style-1017-outer style-local-2908-c18-outer\">\n            <div data-colibri-id=\"2908-c18\" class=\"d-flex h-flex-basis h-column__inner h-px-lg-2 h-px-md-2 h-px-2 v-inner-lg-2 v-inner-md-2 v-inner-2 style-1017 style-local-2908-c18 position-relative\">\n              <!---->\n              <!---->\n              <div class=\"w-100 h-y-container h-column__content h-column__v-align flex-basis-100 align-self-lg-start align-self-md-start align-self-start\">\n                <!---->\n                <div data-colibri-id=\"2908-c19\" class=\"h-global-transition-all h-heading style-1019 style-local-2908-c19 position-relative h-element\">\n                  <!---->\n                  <div class=\"h-heading__outer style-1019 style-local-2908-c19\">\n                    <!---->\n                    <!---->\n                    <h3 class=\"\">SOLUTIONS pour MAT\u00c9RIAUX BIOSOURC\u00c9S<\/h3>\n                  <\/div>\n                <\/div>\n                <div data-colibri-id=\"2908-c20\" class=\"h-text h-text-component style-1020 style-local-2908-c20 position-relative h-element\">\n                  <!---->\n                  <!---->\n                  <div class=\"\">\n                    <p><span style=\"font-size: 18.5px; color: rgb(0, 0, 0);\">&#8211; Sourcing de mati\u00e8res premi\u00e8res v\u00e9g\u00e9tales, s\u00e9curisation de l\u2019apport qualitatif \/ quantitatif de mati\u00e8re premi\u00e8re<br>&#8211; Etudes de faisabilit\u00e9 pour le remplacement de mat\u00e9riaux p\u00e9trosourc\u00e9s<br>&#8211; Recherche de d\u00e9bouch\u00e9s pour mat\u00e9riaux nouveaux<br>&#8211; Transfert de technologie<br>&#8211; Conseil en comportement de mat\u00e9riaux en conditions industrielles<br>&#8211; Conseil en acquisition de comp\u00e9tences<\/span><\/p>\n                  <\/div>\n                <\/div>\n              <\/div>\n            <\/div>\n          <\/div>\n        <\/div>\n      <\/div>\n    <\/div>\n  <\/div>\n  <div data-colibri-component=\"section\" data-colibri-id=\"2908-c21\" id=\"custom-2\" class=\"h-section h-section-global-spacing d-flex align-items-lg-center align-items-md-center align-items-center style-1007 style-local-2908-c21 position-relative\">\n    <!---->\n    <!---->\n    <div class=\"h-section-grid-container h-section-boxed-container\">\n      <!---->\n      <div data-colibri-id=\"2908-c22\" class=\"h-row-container gutters-row-lg-2 gutters-row-md-2 gutters-row-0 gutters-row-v-lg-2 gutters-row-v-md-2 gutters-row-v-2 style-1008 style-local-2908-c22 position-relative\">\n        <!---->\n        <div class=\"h-row justify-content-lg-center justify-content-md-center justify-content-center align-items-lg-stretch align-items-md-stretch align-items-stretch gutters-col-lg-2 gutters-col-md-2 gutters-col-0 gutters-col-v-lg-2 gutters-col-v-md-2 gutters-col-v-2\">\n          <!---->\n          <div class=\"h-column h-column-container d-flex h-col-lg-auto h-col-md-auto h-col-auto style-1009-outer style-local-2908-c23-outer\">\n            <div data-colibri-id=\"2908-c23\" class=\"d-flex h-flex-basis h-column__inner h-px-lg-2 h-px-md-2 h-px-2 v-inner-lg-2 v-inner-md-2 v-inner-2 style-1009 style-local-2908-c23 position-relative\">\n              <!---->\n              <!---->\n              <div class=\"w-100 h-y-container h-column__content h-column__v-align flex-basis-100 align-self-lg-start align-self-md-start align-self-start\">\n                <!---->\n                <div data-colibri-id=\"2908-c24\" class=\"h-global-transition-all h-heading style-1011 style-local-2908-c24 position-relative h-element\">\n                  <!---->\n                  <div class=\"h-heading__outer style-1011 style-local-2908-c24\">\n                    <!---->\n                    <!---->\n                    <h3 class=\"\">M\u00c9THANISATION<\/h3>\n                  <\/div>\n                <\/div>\n                <div data-colibri-id=\"2908-c25\" class=\"h-text h-text-component style-1012 style-local-2908-c25 position-relative h-element\">\n                  <!---->\n                  <!---->\n                  <div class=\"\">\n                    <p><span style=\"font-size: 20px; color: rgb(0, 0, 0);\">&#8211; Conception d\u2019approvisionnement, s\u00e9curisation de l\u2019apport qualitatif \/ quantitatif de mati\u00e8re premi\u00e8re<br>&#8211; Valorisation de digestats et conditions de retour au sol<br>&#8211; Transfert de technologie<br>&#8211; Simulation rentabilit\u00e9 et organisation du temps de travail<br>&#8211; Etude de faisabilit\u00e9 d\u2019implantation \u00e0 diff\u00e9rentes \u00e9chelles<\/span><\/p>\n                  <\/div>\n                <\/div>\n              <\/div>\n            <\/div>\n          <\/div>\n          <div class=\"h-column h-column-container d-flex h-col-lg-auto h-col-md-auto h-col-auto style-1010-outer style-local-2908-c26-outer\">\n            <div data-colibri-id=\"2908-c26\" class=\"d-flex h-flex-basis h-column__inner h-px-lg-2 h-px-md-2 h-px-2 v-inner-lg-2 v-inner-md-2 v-inner-2 style-1010 style-local-2908-c26 position-relative\">\n              <!---->\n              <!---->\n              <div class=\"w-100 h-y-container h-column__content h-column__v-align flex-basis-100 align-self-lg-start align-self-md-start align-self-start\">\n                <!---->\n                <div data-colibri-id=\"2908-c27\" class=\"d-block style-1013 style-local-2908-c27 position-relative h-element\">\n                  <!---->\n                  <div class=\"h-image__frame-container-outer\">\n                    <div class=\"h-image__frame-container\">\n                      <!---->\n                      <!---->\n                      <img loading=\"lazy\" decoding=\"async\" width=\"1500\" height=\"831\" src=\"http:\/\/synopsisengineering.fr\/wp-content\/uploads\/2023\/04\/Methaniseur.jpg\" class=\"wp-image-3000 style-1013-image style-local-2908-c27-image\" alt=\"\" srcset=\"https:\/\/synopsisengineering.com\/wp-content\/uploads\/2023\/04\/Methaniseur.jpg 1500w, https:\/\/synopsisengineering.com\/wp-content\/uploads\/2023\/04\/Methaniseur-300x166.jpg 300w, https:\/\/synopsisengineering.com\/wp-content\/uploads\/2023\/04\/Methaniseur-1024x567.jpg 1024w, https:\/\/synopsisengineering.com\/wp-content\/uploads\/2023\/04\/Methaniseur-768x425.jpg 768w\" sizes=\"auto, (max-width: 1500px) 100vw, 1500px\" \/>\n                      <div class=\"h-image__frame h-hide-lg h-hide-md h-hide-sm style-1013-frameImage style-local-2908-c27-frameImage\"><\/div>\n                    <\/div>\n                  <\/div>\n                <\/div>\n              <\/div>\n            <\/div>\n          <\/div>\n        <\/div>\n      <\/div>\n    <\/div>\n  <\/div>\n  <div data-colibri-component=\"section\" data-colibri-id=\"2908-c28\" id=\"custom-3\" class=\"h-section h-section-global-spacing d-flex align-items-lg-center align-items-md-center align-items-center style-1014 style-local-2908-c28 position-relative\">\n    <!---->\n    <!---->\n    <div class=\"h-section-grid-container h-section-boxed-container\">\n      <!---->\n      <div data-colibri-id=\"2908-c29\" class=\"h-row-container gutters-row-lg-2 gutters-row-md-2 gutters-row-0 gutters-row-v-lg-2 gutters-row-v-md-2 gutters-row-v-2 style-1015 style-local-2908-c29 position-relative\">\n        <!---->\n        <div class=\"h-row justify-content-lg-center justify-content-md-center justify-content-center align-items-lg-stretch align-items-md-stretch align-items-stretch gutters-col-lg-2 gutters-col-md-2 gutters-col-0 gutters-col-v-lg-2 gutters-col-v-md-2 gutters-col-v-2\">\n          <!---->\n          <div class=\"h-column h-column-container d-flex h-col-lg-auto h-col-md-auto h-col-auto style-1016-outer style-local-2908-c30-outer\">\n            <div data-colibri-id=\"2908-c30\" class=\"d-flex h-flex-basis h-column__inner h-px-lg-2 h-px-md-2 h-px-2 v-inner-lg-2 v-inner-md-2 v-inner-2 style-1016 style-local-2908-c30 position-relative\">\n              <!---->\n              <!---->\n              <div class=\"w-100 h-y-container h-column__content h-column__v-align flex-basis-100 align-self-lg-start align-self-md-start align-self-start\">\n                <!---->\n                <div data-colibri-id=\"2908-c31\" class=\"d-block style-1018 style-local-2908-c31 position-relative h-element\">\n                  <!---->\n                  <div class=\"h-image__frame-container-outer\">\n                    <div class=\"h-image__frame-container\">\n                      <!---->\n                      <!---->\n                      <img loading=\"lazy\" decoding=\"async\" width=\"544\" height=\"363\" src=\"http:\/\/synopsisengineering.fr\/wp-content\/uploads\/2023\/04\/Agriculture-de-precision_tracteur_GPS.jpeg\" class=\"wp-image-2998 style-1018-image style-local-2908-c31-image\" alt=\"\" srcset=\"https:\/\/synopsisengineering.com\/wp-content\/uploads\/2023\/04\/Agriculture-de-precision_tracteur_GPS.jpeg 544w, https:\/\/synopsisengineering.com\/wp-content\/uploads\/2023\/04\/Agriculture-de-precision_tracteur_GPS-300x200.jpeg 300w\" sizes=\"auto, (max-width: 544px) 100vw, 544px\" \/>\n                      <div class=\"h-image__frame h-hide-lg h-hide-md h-hide-sm style-1018-frameImage style-local-2908-c31-frameImage\"><\/div>\n                    <\/div>\n                  <\/div>\n                <\/div>\n              <\/div>\n            <\/div>\n          <\/div>\n          <div class=\"h-column h-column-container d-flex h-col-lg-auto h-col-md-auto h-col-auto style-1017-outer style-local-2908-c32-outer\">\n            <div data-colibri-id=\"2908-c32\" class=\"d-flex h-flex-basis h-column__inner h-px-lg-2 h-px-md-2 h-px-2 v-inner-lg-2 v-inner-md-2 v-inner-2 style-1017 style-local-2908-c32 position-relative\">\n              <!---->\n              <!---->\n              <div class=\"w-100 h-y-container h-column__content h-column__v-align flex-basis-100 align-self-lg-start align-self-md-start align-self-start\">\n                <!---->\n                <div data-colibri-id=\"2908-c33\" class=\"h-global-transition-all h-heading style-1019 style-local-2908-c33 position-relative h-element\">\n                  <!---->\n                  <div class=\"h-heading__outer style-1019 style-local-2908-c33\">\n                    <!---->\n                    <!---->\n                    <h3 class=\"\">AGRICULTURE de PR\u00c9CISION<\/h3>\n                  <\/div>\n                <\/div>\n                <div data-colibri-id=\"2908-c34\" class=\"h-text h-text-component style-1020 style-local-2908-c34 position-relative h-element\">\n                  <!---->\n                  <!---->\n                  <div class=\"\">\n                    <p><span style=\"font-size: 18.5px; color: rgb(0, 0, 0);\">&#8211; Rentabilit\u00e9 de l\u2019introduction de nouveaux mat\u00e9riels<br>&#8211; Mod\u00e9lisation de l\u2019impact environnemental et spatialisation des r\u00e9sultats<\/span><\/p>\n                  <\/div>\n                <\/div>\n              <\/div>\n            <\/div>\n          <\/div>\n        <\/div>\n      <\/div>\n    <\/div>\n  <\/div>\n  <div data-colibri-component=\"section\" data-colibri-id=\"2908-c35\" id=\"custom-4\" class=\"h-section h-section-global-spacing d-flex align-items-lg-center align-items-md-center align-items-center style-1021 style-local-2908-c35 position-relative\">\n    <!---->\n    <!---->\n    <div class=\"h-section-grid-container h-section-boxed-container\">\n      <!---->\n      <div data-colibri-id=\"2908-c36\" class=\"h-row-container gutters-row-lg-2 gutters-row-md-2 gutters-row-0 gutters-row-v-lg-2 gutters-row-v-md-2 gutters-row-v-2 style-1022 style-local-2908-c36 position-relative\">\n        <!---->\n        <div class=\"h-row justify-content-lg-center justify-content-md-center justify-content-center align-items-lg-stretch align-items-md-stretch align-items-stretch gutters-col-lg-2 gutters-col-md-2 gutters-col-0 gutters-col-v-lg-2 gutters-col-v-md-2 gutters-col-v-2\">\n          <!---->\n          <div class=\"h-column h-column-container d-flex h-col-lg-auto h-col-md-auto h-col-auto style-1023-outer style-local-2908-c37-outer\">\n            <div data-colibri-id=\"2908-c37\" class=\"d-flex h-flex-basis h-column__inner h-px-lg-2 h-px-md-2 h-px-2 v-inner-lg-2 v-inner-md-2 v-inner-2 style-1023 style-local-2908-c37 position-relative\">\n              <!---->\n              <!---->\n              <div class=\"w-100 h-y-container h-column__content h-column__v-align flex-basis-100 align-self-lg-start align-self-md-start align-self-start\">\n                <!---->\n                <div data-colibri-id=\"2908-c38\" class=\"h-text h-text-component style-1024 style-local-2908-c38 position-relative h-element\">\n                  <!---->\n                  <!---->\n                  <div class=\"\">\n                    <p><span style=\"font-size: 18.5px; color: rgb(0, 0, 0);\">La valeur-ajout\u00e9e du r\u00e9seau de Synopsis Engineering est d\u2019associer \u00e0 votre projet l\u2019intervention des acteurs cl\u00e9s de l\u2019industrie et\/ou de la Recherche.<\/span><\/p>\n                  <\/div>\n                <\/div>\n              <\/div>\n            <\/div>\n          <\/div>\n        <\/div>\n      <\/div>\n    <\/div>\n  <\/div>\n<\/div>","protected":false},"excerpt":{"rendered":"<p>\u00c9TUDES ET CONSEIL En fonction de vos objectifs, de votre structure, de vos contraintes de d\u00e9lai et de budget, Synopsis Engineering construira avec vous une m\u00e9thodologie qui pourra mixer plusieurs formes de prestations INNOVATION et INDUSTRIE &#8211; Montage de dossiers de financement de R&amp;D&#8211; Montage de projets collaboratifs&#8211; Accompagnement des relations avec les laboratoires de [&hellip;]<\/p>\n","protected":false},"author":1,"featured_media":0,"parent":0,"menu_order":0,"comment_status":"closed","ping_status":"closed","template":"page-templates\/full-width-page.php","meta":{"footnotes":""},"class_list":["post-2908","page","type-page","status-publish","hentry"],"_links":{"self":[{"href":"https:\/\/synopsisengineering.com\/index.php\/wp-json\/wp\/v2\/pages\/2908","targetHints":{"allow":["GET"]}}],"collection":[{"href":"https:\/\/synopsisengineering.com\/index.php\/wp-json\/wp\/v2\/pages"}],"about":[{"href":"https:\/\/synopsisengineering.com\/index.php\/wp-json\/wp\/v2\/types\/page"}],"author":[{"embeddable":true,"href":"https:\/\/synopsisengineering.com\/index.php\/wp-json\/wp\/v2\/users\/1"}],"replies":[{"embeddable":true,"href":"https:\/\/synopsisengineering.com\/index.php\/wp-json\/wp\/v2\/comments?post=2908"}],"version-history":[{"count":5,"href":"https:\/\/synopsisengineering.com\/index.php\/wp-json\/wp\/v2\/pages\/2908\/revisions"}],"predecessor-version":[{"id":3236,"href":"https:\/\/synopsisengineering.com\/index.php\/wp-json\/wp\/v2\/pages\/2908\/revisions\/3236"}],"wp:attachment":[{"href":"https:\/\/synopsisengineering.com\/index.php\/wp-json\/wp\/v2\/media?parent=2908"}],"curies":[{"name":"wp","href":"https:\/\/api.w.org\/{rel}","templated":true}]}}